{"id":11,"date":"2020-05-03T19:27:43","date_gmt":"2020-05-03T17:27:43","guid":{"rendered":"https:\/\/riseupmedia.bc-and-d.pl\/?page_id=11"},"modified":"2025-01-13T20:09:06","modified_gmt":"2025-01-13T19:09:06","slug":"strona-glowna","status":"publish","type":"page","link":"https:\/\/riseupmedia.bc-and-d.pl\/","title":{"rendered":"Strona G\u0142\u00f3wna"},"content":{"rendered":"\t\t<div data-elementor-type=\"wp-page\" data-elementor-id=\"11\" class=\"elementor elementor-11\" data-elementor-post-type=\"page\">\n\t\t\t\t<div class=\"elementor-element elementor-element-57935e6 e-con-full e-flex e-con e-parent\" data-id=\"57935e6\" data-element_type=\"container\" data-settings=\"{&quot;background_background&quot;:&quot;classic&quot;}\">\n\t\t\t\t<div class=\"elementor-element elementor-element-149a9cc elementor-invisible elementor-widget elementor-widget-image\" data-id=\"149a9cc\" data-element_type=\"widget\" data-settings=\"{&quot;_animation&quot;:&quot;zoomIn&quot;}\" data-widget_type=\"image.default\">\n\t\t\t\t\t\t\t\t\t\t\t\t\t\t\t\t<a href=\"https:\/\/riseupmedia.bc-and-d.pl\/\">\n\t\t\t\t\t\t\t<img fetchpriority=\"high\" decoding=\"async\" width=\"800\" height=\"523\" src=\"https:\/\/riseupmedia.bc-and-d.pl\/wp-content\/uploads\/2025\/01\/riseupmedia-1024x670.png\" class=\"elementor-animation-grow attachment-large size-large wp-image-425\" alt=\"\" srcset=\"https:\/\/riseupmedia.bc-and-d.pl\/wp-content\/uploads\/2025\/01\/riseupmedia-1024x670.png 1024w, https:\/\/riseupmedia.bc-and-d.pl\/wp-content\/uploads\/2025\/01\/riseupmedia-300x196.png 300w, https:\/\/riseupmedia.bc-and-d.pl\/wp-content\/uploads\/2025\/01\/riseupmedia-768x503.png 768w, https:\/\/riseupmedia.bc-and-d.pl\/wp-content\/uploads\/2025\/01\/riseupmedia.png 1308w\" sizes=\"(max-width: 800px) 100vw, 800px\" \/>\t\t\t\t\t\t\t\t<\/a>\n\t\t\t\t\t\t\t\t\t\t\t\t\t\t\t<\/div>\n\t\t\t\t<div class=\"elementor-element elementor-element-2519dca elementor-widget elementor-widget-heading\" data-id=\"2519dca\" data-element_type=\"widget\" data-widget_type=\"heading.default\">\n\t\t\t\t\t<h2 class=\"elementor-heading-title elementor-size-default\">Tw\u00f3j sukces, nasza strategia!<\/h2>\t\t\t\t<\/div>\n\t\t\t\t<div class=\"elementor-element elementor-element-79414a9 elementor-align-center elementor-invisible elementor-widget elementor-widget-button\" data-id=\"79414a9\" data-element_type=\"widget\" data-settings=\"{&quot;_animation&quot;:&quot;bounceInUp&quot;}\" data-widget_type=\"button.default\">\n\t\t\t\t\t\t\t\t\t\t<a class=\"elementor-button elementor-button-link elementor-size-sm\" href=\"#kontakt\">\n\t\t\t\t\t\t<span class=\"elementor-button-content-wrapper\">\n\t\t\t\t\t\t\t\t\t<span class=\"elementor-button-text\">Napisz do nas!<\/span>\n\t\t\t\t\t<\/span>\n\t\t\t\t\t<\/a>\n\t\t\t\t\t\t\t\t<\/div>\n\t\t\t\t<\/div>\n\t\t<div class=\"elementor-element elementor-element-31df3ca elementor-hidden-phone e-flex e-con-boxed e-con e-parent\" data-id=\"31df3ca\" data-element_type=\"container\">\n\t\t\t\t\t<div class=\"e-con-inner\">\n\t\t<div class=\"elementor-element elementor-element-6a15b6c e-con-full elementor-hidden-tablet elementor-hidden-mobile e-flex e-con e-child\" data-id=\"6a15b6c\" data-element_type=\"container\">\n\t\t\t\t<div class=\"elementor-element elementor-element-1dd4ba8 elementor-view-default elementor-widget elementor-widget-icon\" data-id=\"1dd4ba8\" data-element_type=\"widget\" id=\"sekcja1\" data-widget_type=\"icon.default\">\n\t\t\t\t\t\t\t<div class=\"elementor-icon-wrapper\">\n\t\t\t<a class=\"elementor-icon\" href=\"#sekcja1\">\n\t\t\t<i aria-hidden=\"true\" class=\"icon icon-down-arrow1\"><\/i>\t\t\t<\/a>\n\t\t<\/div>\n\t\t\t\t\t\t<\/div>\n\t\t\t\t<\/div>\n\t\t\t\t\t<\/div>\n\t\t\t\t<\/div>\n\t\t<div class=\"elementor-element elementor-element-2318999 e-flex e-con-boxed e-con e-parent\" data-id=\"2318999\" data-element_type=\"container\">\n\t\t\t\t\t<div class=\"e-con-inner\">\n\t\t<div class=\"elementor-element elementor-element-0db1d1b e-con-full e-flex elementor-invisible e-con e-child\" data-id=\"0db1d1b\" data-element_type=\"container\" data-settings=\"{&quot;animation&quot;:&quot;slideInLeft&quot;}\">\n\t\t\t\t<div class=\"elementor-element elementor-element-5db5cce elementor-view-default elementor-widget elementor-widget-icon\" data-id=\"5db5cce\" data-element_type=\"widget\" data-widget_type=\"icon.default\">\n\t\t\t\t\t\t\t<div class=\"elementor-icon-wrapper\">\n\t\t\t<div class=\"elementor-icon\">\n\t\t\t<i aria-hidden=\"true\" class=\"icon icon-review\"><\/i>\t\t\t<\/div>\n\t\t<\/div>\n\t\t\t\t\t\t<\/div>\n\t\t\t\t<div class=\"elementor-element elementor-element-c9524fe elementor-widget elementor-widget-heading\" data-id=\"c9524fe\" data-element_type=\"widget\" data-widget_type=\"heading.default\">\n\t\t\t\t\t<h2 class=\"elementor-heading-title elementor-size-default\">Rise Up Media<\/h2>\t\t\t\t<\/div>\n\t\t\t\t<div class=\"elementor-element elementor-element-03a7835 elementor-widget-divider--view-line elementor-widget elementor-widget-divider\" data-id=\"03a7835\" data-element_type=\"widget\" data-widget_type=\"divider.default\">\n\t\t\t\t\t\t\t<div class=\"elementor-divider\">\n\t\t\t<span class=\"elementor-divider-separator\">\n\t\t\t\t\t\t<\/span>\n\t\t<\/div>\n\t\t\t\t\t\t<\/div>\n\t\t\t\t<div class=\"elementor-element elementor-element-2d2b6dc elementor-widget elementor-widget-text-editor\" data-id=\"2d2b6dc\" data-element_type=\"widget\" data-widget_type=\"text-editor.default\">\n\t\t\t\t\t\t\t\t\t<div class=\"\">Jeste\u015bmy zespo\u0142em do\u015bwiadczonych specjalist\u00f3w, kt\u00f3rzy \u0142\u0105cz\u0105 kreatywno\u015b\u0107 z wiedz\u0105 praktyczn\u0105, aby dostarcza\u0107 skuteczne rozwi\u0105zania marketingowe.<\/div><div class=\"\">\u00a0<\/div><div class=\"\">Nasze do\u015bwiadczenie obejmuje prac\u0119 zar\u00f3wno w agencji marketingowej, jak i dla jednej z najwi\u0119kszych platform reklamowych na \u015bwiecie \u2013 Meta (Facebook).<\/div><div class=\"\">\u00a0<\/div><div class=\"\">To pozwoli\u0142o nam zrozumie\u0107, jak skutecznie planowa\u0107 kampanie reklamowe i budowa\u0107 strategie, kt\u00f3re anga\u017cuj\u0105 odbiorc\u00f3w i przynosz\u0105 wymierne korzy\u015bci.<\/div><div>\u00a0<\/div><div class=\"\">Pracowali\u015bmy z przedsi\u0119biorstwami z r\u00f3\u017cnych bran\u017c, co pozwoli\u0142o nam pozna\u0107 szeroki wachlarz potrzeb i oczekiwa\u0144 klient\u00f3w.<\/div>\t\t\t\t\t\t\t\t<\/div>\n\t\t\t\t<div class=\"elementor-element elementor-element-d2be73f elementor-align-center elementor-widget elementor-widget-button\" data-id=\"d2be73f\" data-element_type=\"widget\" data-widget_type=\"button.default\">\n\t\t\t\t\t\t\t\t\t\t<a class=\"elementor-button elementor-button-link elementor-size-sm\" href=\"#kontakt\">\n\t\t\t\t\t\t<span class=\"elementor-button-content-wrapper\">\n\t\t\t\t\t\t\t\t\t<span class=\"elementor-button-text\">Skontaktuj si\u0119 z nami<\/span>\n\t\t\t\t\t<\/span>\n\t\t\t\t\t<\/a>\n\t\t\t\t\t\t\t\t<\/div>\n\t\t\t\t<\/div>\n\t\t<div class=\"elementor-element elementor-element-08c013e e-con-full e-flex elementor-invisible e-con e-child\" data-id=\"08c013e\" data-element_type=\"container\" data-settings=\"{&quot;animation&quot;:&quot;slideInRight&quot;}\">\n\t\t\t\t<div class=\"elementor-element elementor-element-0decbda elementor-widget elementor-widget-image\" data-id=\"0decbda\" data-element_type=\"widget\" data-widget_type=\"image.default\">\n\t\t\t\t\t\t\t\t\t\t\t\t\t\t\t<img decoding=\"async\" width=\"640\" height=\"427\" src=\"https:\/\/riseupmedia.bc-and-d.pl\/wp-content\/uploads\/2025\/01\/business-925900_640.jpg\" class=\"attachment-full size-full wp-image-440\" alt=\"\" srcset=\"https:\/\/riseupmedia.bc-and-d.pl\/wp-content\/uploads\/2025\/01\/business-925900_640.jpg 640w, https:\/\/riseupmedia.bc-and-d.pl\/wp-content\/uploads\/2025\/01\/business-925900_640-300x200.jpg 300w\" sizes=\"(max-width: 640px) 100vw, 640px\" \/>\t\t\t\t\t\t\t\t\t\t\t\t\t\t\t<\/div>\n\t\t\t\t<\/div>\n\t\t\t\t\t<\/div>\n\t\t\t\t<\/div>\n\t\t<div class=\"elementor-element elementor-element-700f0ce e-flex e-con-boxed e-con e-parent\" data-id=\"700f0ce\" data-element_type=\"container\">\n\t\t\t\t\t<div class=\"e-con-inner\">\n\t\t<div class=\"elementor-element elementor-element-2eced4a e-con-full e-flex elementor-invisible e-con e-child\" data-id=\"2eced4a\" data-element_type=\"container\" data-settings=\"{&quot;animation&quot;:&quot;slideInLeft&quot;}\">\n\t\t\t\t<div class=\"elementor-element elementor-element-f5b81f5 elementor-hidden-tablet elementor-hidden-mobile elementor-widget elementor-widget-image\" data-id=\"f5b81f5\" data-element_type=\"widget\" data-widget_type=\"image.default\">\n\t\t\t\t\t\t\t\t\t\t\t\t\t\t\t<img decoding=\"async\" width=\"640\" height=\"427\" src=\"https:\/\/riseupmedia.bc-and-d.pl\/wp-content\/uploads\/2025\/01\/business-926221_640.jpg\" class=\"attachment-full size-full wp-image-439\" alt=\"\" srcset=\"https:\/\/riseupmedia.bc-and-d.pl\/wp-content\/uploads\/2025\/01\/business-926221_640.jpg 640w, https:\/\/riseupmedia.bc-and-d.pl\/wp-content\/uploads\/2025\/01\/business-926221_640-300x200.jpg 300w\" sizes=\"(max-width: 640px) 100vw, 640px\" \/>\t\t\t\t\t\t\t\t\t\t\t\t\t\t\t<\/div>\n\t\t\t\t<\/div>\n\t\t<div class=\"elementor-element elementor-element-78758b4 e-con-full e-flex elementor-invisible e-con e-child\" data-id=\"78758b4\" data-element_type=\"container\" data-settings=\"{&quot;animation&quot;:&quot;slideInRight&quot;}\">\n\t\t\t\t<div class=\"elementor-element elementor-element-ed04dcc elementor-view-default elementor-widget elementor-widget-icon\" data-id=\"ed04dcc\" data-element_type=\"widget\" data-widget_type=\"icon.default\">\n\t\t\t\t\t\t\t<div class=\"elementor-icon-wrapper\">\n\t\t\t<div class=\"elementor-icon\">\n\t\t\t<i aria-hidden=\"true\" class=\"icon icon-one\"><\/i>\t\t\t<\/div>\n\t\t<\/div>\n\t\t\t\t\t\t<\/div>\n\t\t\t\t<div class=\"elementor-element elementor-element-a5d9d52 elementor-widget elementor-widget-heading\" data-id=\"a5d9d52\" data-element_type=\"widget\" data-widget_type=\"heading.default\">\n\t\t\t\t\t<h2 class=\"elementor-heading-title elementor-size-default\">Lider w bran\u017cy<\/h2>\t\t\t\t<\/div>\n\t\t\t\t<div class=\"elementor-element elementor-element-d5b8735 elementor-widget-divider--view-line elementor-widget elementor-widget-divider\" data-id=\"d5b8735\" data-element_type=\"widget\" data-widget_type=\"divider.default\">\n\t\t\t\t\t\t\t<div class=\"elementor-divider\">\n\t\t\t<span class=\"elementor-divider-separator\">\n\t\t\t\t\t\t<\/span>\n\t\t<\/div>\n\t\t\t\t\t\t<\/div>\n\t\t\t\t<div class=\"elementor-element elementor-element-10e406c elementor-widget elementor-widget-text-editor\" data-id=\"10e406c\" data-element_type=\"widget\" data-widget_type=\"text-editor.default\">\n\t\t\t\t\t\t\t\t\t<div class=\"\" style=\"text-align: left;\">Nasz\u0105 specjalno\u015bci\u0105 jest tworzenie kompleksowych strategii marketingowych oraz strategii social media, kt\u00f3re pomagaj\u0105 firmom osi\u0105ga\u0107 konkretne cele biznesowe.<\/div><div>\u00a0<\/div><div class=\"\" style=\"text-align: left;\">Nasze us\u0142ugi:<\/div><ul><li class=\"\" style=\"text-align: left;\"><b class=\"\">Strategia marketingowa:<\/b>\u00a0Opracowujemy plany dzia\u0142ania dostosowane do Twojego rynku i klient\u00f3w.<\/li><li class=\"\" style=\"text-align: left;\"><b class=\"\">Strategia social media:<\/b>\u00a0Tworzymy skuteczn\u0105 komunikacj\u0119, kt\u00f3ra zwi\u0119ksza rozpoznawalno\u015b\u0107 i buduje relacje z odbiorcami.<\/li><li class=\"\" style=\"text-align: left;\"><b class=\"\">Branding i komunikacja wizualna:<\/b>\u00a0Projektujemy sp\u00f3jny wizerunek, kt\u00f3ry wyr\u00f3\u017cnia marki na tle konkurencji<\/li><\/ul><p style=\"text-align: left;\">Jeste\u015bmy w dynamicznej fazie rozwoju, ale ju\u017c teraz dostarczamy rozwi\u0105zania na poziomie docenianym przez firmy lokalne i mi\u0119dzynarodowe.<\/p>\t\t\t\t\t\t\t\t<\/div>\n\t\t\t\t<div class=\"elementor-element elementor-element-06073d8 elementor-align-center elementor-widget elementor-widget-button\" data-id=\"06073d8\" data-element_type=\"widget\" data-widget_type=\"button.default\">\n\t\t\t\t\t\t\t\t\t\t<a class=\"elementor-button elementor-button-link elementor-size-sm\" href=\"#kontakt\">\n\t\t\t\t\t\t<span class=\"elementor-button-content-wrapper\">\n\t\t\t\t\t\t\t\t\t<span class=\"elementor-button-text\">Dowied\u017a si\u0119 wi\u0119cej<\/span>\n\t\t\t\t\t<\/span>\n\t\t\t\t\t<\/a>\n\t\t\t\t\t\t\t\t<\/div>\n\t\t\t\t<\/div>\n\t\t\t\t\t<\/div>\n\t\t\t\t<\/div>\n\t\t<div class=\"elementor-element elementor-element-2138a86 e-flex e-con-boxed elementor-invisible e-con e-parent\" data-id=\"2138a86\" data-element_type=\"container\" data-settings=\"{&quot;background_background&quot;:&quot;classic&quot;,&quot;animation&quot;:&quot;slideInLeft&quot;}\">\n\t\t\t\t\t<div class=\"e-con-inner\">\n\t\t<div class=\"elementor-element elementor-element-39183e3 e-con-full e-flex e-con e-child\" data-id=\"39183e3\" data-element_type=\"container\">\n\t\t\t\t<div class=\"elementor-element elementor-element-f6bc93c elementor-widget elementor-widget-text-editor\" data-id=\"f6bc93c\" data-element_type=\"widget\" data-widget_type=\"text-editor.default\">\n\t\t\t\t\t\t\t\t\t<p>Tworzymy innowacyjne strategie, kt\u00f3re przyci\u0105gaj\u0105 uwag\u0119, buduj\u0105 relacje i przek\u0142adaj\u0105 si\u0119 na realne wyniki dla Twojego biznesu!<\/p>\t\t\t\t\t\t\t\t<\/div>\n\t\t\t\t<\/div>\n\t\t\t\t\t<\/div>\n\t\t\t\t<\/div>\n\t\t<div class=\"elementor-element elementor-element-f470767 e-flex e-con-boxed e-con e-parent\" data-id=\"f470767\" data-element_type=\"container\">\n\t\t\t\t\t<div class=\"e-con-inner\">\n\t\t<div class=\"elementor-element elementor-element-f28669e e-con-full e-flex elementor-invisible e-con e-child\" data-id=\"f28669e\" data-element_type=\"container\" data-settings=\"{&quot;animation&quot;:&quot;slideInLeft&quot;}\">\n\t\t\t\t<div class=\"elementor-element elementor-element-9d39c13 elementor-view-default elementor-widget elementor-widget-icon\" data-id=\"9d39c13\" data-element_type=\"widget\" data-widget_type=\"icon.default\">\n\t\t\t\t\t\t\t<div class=\"elementor-icon-wrapper\">\n\t\t\t<div class=\"elementor-icon\">\n\t\t\t<i aria-hidden=\"true\" class=\"icon icon-team1\"><\/i>\t\t\t<\/div>\n\t\t<\/div>\n\t\t\t\t\t\t<\/div>\n\t\t\t\t<div class=\"elementor-element elementor-element-9a64f6d elementor-widget elementor-widget-heading\" data-id=\"9a64f6d\" data-element_type=\"widget\" data-widget_type=\"heading.default\">\n\t\t\t\t\t<h2 class=\"elementor-heading-title elementor-size-default\">Dlaczego my?<\/h2>\t\t\t\t<\/div>\n\t\t\t\t<div class=\"elementor-element elementor-element-318bb18 elementor-widget-divider--view-line elementor-widget elementor-widget-divider\" data-id=\"318bb18\" data-element_type=\"widget\" data-widget_type=\"divider.default\">\n\t\t\t\t\t\t\t<div class=\"elementor-divider\">\n\t\t\t<span class=\"elementor-divider-separator\">\n\t\t\t\t\t\t<\/span>\n\t\t<\/div>\n\t\t\t\t\t\t<\/div>\n\t\t\t\t<div class=\"elementor-element elementor-element-21e3bf1 elementor-widget elementor-widget-text-editor\" data-id=\"21e3bf1\" data-element_type=\"widget\" data-widget_type=\"text-editor.default\">\n\t\t\t\t\t\t\t\t\t<div class=\"\"><ol class=\"\"><li class=\"\"><b class=\"\">Zorientowanie na wyniki:<\/b>\u00a0Naszym priorytetem s\u0105 efekty, kt\u00f3re przek\u0142adaj\u0105 si\u0119 na realny rozw\u00f3j Twojego biznesu.<\/li><li class=\"\"><b class=\"\">Elastyczno\u015b\u0107 i wsp\u00f3\u0142praca:<\/b>\u00a0Pracujemy blisko z naszymi klientami, zapewniaj\u0105c indywidualne podej\u015bcie i przejrzyst\u0105 komunikacj\u0119.<\/li><li class=\"\"><b class=\"\">Do\u015bwiadczenie w r\u00f3\u017cnych bran\u017cach:<\/b>\u00a0Dzi\u0119ki wsp\u00f3\u0142pracy z firmami z r\u00f3\u017cnych segment\u00f3w rynku potrafimy dostosowa\u0107 dzia\u0142ania do unikalnych potrzeb ka\u017cdego klienta.<\/li><li class=\"\"><b class=\"\">Ekspertyza:<\/b>\u00a0Nasze do\u015bwiadczenie w pracy z Meta i agencjami marketingowymi pozwala nam \u0142\u0105czy\u0107 zaawansowan\u0105 wiedz\u0119 technologiczn\u0105 z kreatywno\u015bci\u0105, kt\u00f3ra dzia\u0142a.<\/li><\/ol><\/div>\t\t\t\t\t\t\t\t<\/div>\n\t\t\t\t<div class=\"elementor-element elementor-element-bb4df55 elementor-align-center elementor-widget elementor-widget-button\" data-id=\"bb4df55\" data-element_type=\"widget\" data-widget_type=\"button.default\">\n\t\t\t\t\t\t\t\t\t\t<a class=\"elementor-button elementor-button-link elementor-size-sm\" href=\"#kontakt\">\n\t\t\t\t\t\t<span class=\"elementor-button-content-wrapper\">\n\t\t\t\t\t\t\t\t\t<span class=\"elementor-button-text\">Napisz do nas, by si\u0119 o tym przekona\u0107<\/span>\n\t\t\t\t\t<\/span>\n\t\t\t\t\t<\/a>\n\t\t\t\t\t\t\t\t<\/div>\n\t\t\t\t<\/div>\n\t\t<div class=\"elementor-element elementor-element-060c693 e-con-full e-flex elementor-invisible e-con e-child\" data-id=\"060c693\" data-element_type=\"container\" data-settings=\"{&quot;animation&quot;:&quot;slideInRight&quot;}\">\n\t\t\t\t<div class=\"elementor-element elementor-element-7a2fe18 elementor-widget elementor-widget-image\" data-id=\"7a2fe18\" data-element_type=\"widget\" data-widget_type=\"image.default\">\n\t\t\t\t\t\t\t\t\t\t\t\t\t\t\t<img loading=\"lazy\" decoding=\"async\" width=\"640\" height=\"427\" src=\"https:\/\/riseupmedia.bc-and-d.pl\/wp-content\/uploads\/2025\/01\/modern-technologies-1263422_640.jpg\" class=\"attachment-full size-full wp-image-438\" alt=\"\" srcset=\"https:\/\/riseupmedia.bc-and-d.pl\/wp-content\/uploads\/2025\/01\/modern-technologies-1263422_640.jpg 640w, https:\/\/riseupmedia.bc-and-d.pl\/wp-content\/uploads\/2025\/01\/modern-technologies-1263422_640-300x200.jpg 300w\" sizes=\"(max-width: 640px) 100vw, 640px\" \/>\t\t\t\t\t\t\t\t\t\t\t\t\t\t\t<\/div>\n\t\t\t\t<\/div>\n\t\t\t\t\t<\/div>\n\t\t\t\t<\/div>\n\t\t<div class=\"elementor-element elementor-element-809669f e-flex e-con-boxed e-con e-parent\" data-id=\"809669f\" data-element_type=\"container\">\n\t\t\t\t\t<div class=\"e-con-inner\">\n\t\t<div class=\"elementor-element elementor-element-8d0e86e e-con-full e-flex elementor-invisible e-con e-child\" data-id=\"8d0e86e\" data-element_type=\"container\" data-settings=\"{&quot;animation&quot;:&quot;slideInLeft&quot;}\">\n\t\t\t\t<div class=\"elementor-element elementor-element-eb656bc elementor-widget elementor-widget-image\" data-id=\"eb656bc\" data-element_type=\"widget\" data-widget_type=\"image.default\">\n\t\t\t\t\t\t\t\t\t\t\t\t\t\t\t<img loading=\"lazy\" decoding=\"async\" width=\"665\" height=\"1182\" src=\"https:\/\/riseupmedia.bc-and-d.pl\/wp-content\/uploads\/2025\/01\/mateusz-skarbek.jpeg\" class=\"attachment-full size-full wp-image-437\" alt=\"\" srcset=\"https:\/\/riseupmedia.bc-and-d.pl\/wp-content\/uploads\/2025\/01\/mateusz-skarbek.jpeg 665w, https:\/\/riseupmedia.bc-and-d.pl\/wp-content\/uploads\/2025\/01\/mateusz-skarbek-169x300.jpeg 169w, https:\/\/riseupmedia.bc-and-d.pl\/wp-content\/uploads\/2025\/01\/mateusz-skarbek-576x1024.jpeg 576w\" sizes=\"(max-width: 665px) 100vw, 665px\" \/>\t\t\t\t\t\t\t\t\t\t\t\t\t\t\t<\/div>\n\t\t\t\t<\/div>\n\t\t<div class=\"elementor-element elementor-element-9077c9e e-con-full e-flex elementor-invisible e-con e-child\" data-id=\"9077c9e\" data-element_type=\"container\" data-settings=\"{&quot;animation&quot;:&quot;slideInRight&quot;}\">\n\t\t\t\t<div class=\"elementor-element elementor-element-4b13106 elementor-view-default elementor-widget elementor-widget-icon\" data-id=\"4b13106\" data-element_type=\"widget\" data-widget_type=\"icon.default\">\n\t\t\t\t\t\t\t<div class=\"elementor-icon-wrapper\">\n\t\t\t<div class=\"elementor-icon\">\n\t\t\t<svg aria-hidden=\"true\" class=\"e-font-icon-svg e-far-handshake\" viewBox=\"0 0 640 512\" xmlns=\"http:\/\/www.w3.org\/2000\/svg\"><path d=\"M519.2 127.9l-47.6-47.6A56.252 56.252 0 0 0 432 64H205.2c-14.8 0-29.1 5.9-39.6 16.3L118 127.9H0v255.7h64c17.6 0 31.8-14.2 31.9-31.7h9.1l84.6 76.4c30.9 25.1 73.8 25.7 105.6 3.8 12.5 10.8 26 15.9 41.1 15.9 18.2 0 35.3-7.4 48.8-24 22.1 8.7 48.2 2.6 64-16.8l26.2-32.3c5.6-6.9 9.1-14.8 10.9-23h57.9c.1 17.5 14.4 31.7 31.9 31.7h64V127.9H519.2zM48 351.6c-8.8 0-16-7.2-16-16s7.2-16 16-16 16 7.2 16 16c0 8.9-7.2 16-16 16zm390-6.9l-26.1 32.2c-2.8 3.4-7.8 4-11.3 1.2l-23.9-19.4-30 36.5c-6 7.3-15 4.8-18 2.4l-36.8-31.5-15.6 19.2c-13.9 17.1-39.2 19.7-55.3 6.6l-97.3-88H96V175.8h41.9l61.7-61.6c2-.8 3.7-1.5 5.7-2.3H262l-38.7 35.5c-29.4 26.9-31.1 72.3-4.4 101.3 14.8 16.2 61.2 41.2 101.5 4.4l8.2-7.5 108.2 87.8c3.4 2.8 3.9 7.9 1.2 11.3zm106-40.8h-69.2c-2.3-2.8-4.9-5.4-7.7-7.7l-102.7-83.4 12.5-11.4c6.5-6 7-16.1 1-22.6L367 167.1c-6-6.5-16.1-6.9-22.6-1l-55.2 50.6c-9.5 8.7-25.7 9.4-34.6 0-9.3-9.9-8.5-25.1 1.2-33.9l65.6-60.1c7.4-6.8 17-10.5 27-10.5l83.7-.2c2.1 0 4.1.8 5.5 2.3l61.7 61.6H544v128zm48 47.7c-8.8 0-16-7.2-16-16s7.2-16 16-16 16 7.2 16 16c0 8.9-7.2 16-16 16z\"><\/path><\/svg>\t\t\t<\/div>\n\t\t<\/div>\n\t\t\t\t\t\t<\/div>\n\t\t\t\t<div class=\"elementor-element elementor-element-01d2240 elementor-widget elementor-widget-heading\" data-id=\"01d2240\" data-element_type=\"widget\" data-widget_type=\"heading.default\">\n\t\t\t\t\t<h2 class=\"elementor-heading-title elementor-size-default\">Poznajmy si\u0119<\/h2>\t\t\t\t<\/div>\n\t\t\t\t<div class=\"elementor-element elementor-element-ae6653c elementor-widget-divider--view-line elementor-widget elementor-widget-divider\" data-id=\"ae6653c\" data-element_type=\"widget\" data-widget_type=\"divider.default\">\n\t\t\t\t\t\t\t<div class=\"elementor-divider\">\n\t\t\t<span class=\"elementor-divider-separator\">\n\t\t\t\t\t\t<\/span>\n\t\t<\/div>\n\t\t\t\t\t\t<\/div>\n\t\t\t\t<div class=\"elementor-element elementor-element-8d5e824 elementor-widget elementor-widget-text-editor\" data-id=\"8d5e824\" data-element_type=\"widget\" data-widget_type=\"text-editor.default\">\n\t\t\t\t\t\t\t\t\t<div class=\"\" style=\"text-align: left;\"><div class=\"\">Je\u015bli szukasz agencji, kt\u00f3ra pomo\u017ce Twojej firmie wznie\u015b\u0107 si\u0119 na wy\u017cszy poziom, jeste\u015b we w\u0142a\u015bciwym miejscu. Ch\u0119tnie porozmawiamy o Twoich potrzebach i zaproponujemy strategi\u0119 dopasowan\u0105 do Twoich cel\u00f3w.<\/div><div class=\"\">\ud83d\udce9\u00a0<b class=\"\">E-mail:<\/b>\u00a0<a id=\"LPlnk667761\" class=\"\" title=\"mailto:riseup.media.general@gmail.com\" href=\"mailto:riseup.media.general@gmail.com\" data-linkindex=\"0\" data-ogsc=\"\">riseup.media.general@gmail.com<\/a><br class=\"\" \/>\ud83d\udcde\u00a0<b class=\"\">Telefon:<\/b>\u00a0\u202d+48 884 513 275\u202c<br class=\"\" \/>\ud83d\udccd\u00a0<b class=\"\">Lokalizacja:<\/b>\u00a0Warszawa, pracujemy zdalnie z klientami z ca\u0142ej Polski i Europy.<\/div><div class=\"\">\u00a0<\/div><div class=\"\">Zacznijmy wsp\u00f3\u0142prac\u0119, kt\u00f3ra przyniesie efekty.<\/div><\/div>\t\t\t\t\t\t\t\t<\/div>\n\t\t\t\t<div class=\"elementor-element elementor-element-911b296 elementor-align-center elementor-widget elementor-widget-button\" data-id=\"911b296\" data-element_type=\"widget\" data-widget_type=\"button.default\">\n\t\t\t\t\t\t\t\t\t\t<a class=\"elementor-button elementor-button-link elementor-size-sm\" href=\"#kontakt\">\n\t\t\t\t\t\t<span class=\"elementor-button-content-wrapper\">\n\t\t\t\t\t\t\t\t\t<span class=\"elementor-button-text\">Zostaw wiadomo\u015b\u0107, oddzwonimy<\/span>\n\t\t\t\t\t<\/span>\n\t\t\t\t\t<\/a>\n\t\t\t\t\t\t\t\t<\/div>\n\t\t\t\t<\/div>\n\t\t\t\t\t<\/div>\n\t\t\t\t<\/div>\n\t\t\t\t<\/div>\n\t\t","protected":false},"excerpt":{"rendered":"<p>Tw\u00f3j sukces, nasza strategia! Napisz do nas! Rise Up Media Jeste\u015bmy zespo\u0142em do\u015bwiadczonych specjalist\u00f3w, kt\u00f3rzy \u0142\u0105cz\u0105 kreatywno\u015b\u0107 z wiedz\u0105 praktyczn\u0105, aby dostarcza\u0107 skuteczne rozwi\u0105zania marketingowe.\u00a0Nasze do\u015bwiadczenie obejmuje prac\u0119 zar\u00f3wno w agencji marketingowej, jak i dla jednej z najwi\u0119kszych platform reklamowych na \u015bwiecie \u2013 Meta (Facebook).\u00a0To pozwoli\u0142o nam zrozumie\u0107, jak skutecznie planowa\u0107 kampanie reklamowe i budowa\u0107 [&hellip;]<\/p>\n","protected":false},"author":1,"featured_media":0,"parent":0,"menu_order":0,"comment_status":"closed","ping_status":"closed","template":"","meta":{"footnotes":""},"class_list":["post-11","page","type-page","status-publish","hentry"],"aioseo_notices":[],"_links":{"self":[{"href":"https:\/\/riseupmedia.bc-and-d.pl\/index.php\/wp-json\/wp\/v2\/pages\/11","targetHints":{"allow":["GET"]}}],"collection":[{"href":"https:\/\/riseupmedia.bc-and-d.pl\/index.php\/wp-json\/wp\/v2\/pages"}],"about":[{"href":"https:\/\/riseupmedia.bc-and-d.pl\/index.php\/wp-json\/wp\/v2\/types\/page"}],"author":[{"embeddable":true,"href":"https:\/\/riseupmedia.bc-and-d.pl\/index.php\/wp-json\/wp\/v2\/users\/1"}],"replies":[{"embeddable":true,"href":"https:\/\/riseupmedia.bc-and-d.pl\/index.php\/wp-json\/wp\/v2\/comments?post=11"}],"version-history":[{"count":123,"href":"https:\/\/riseupmedia.bc-and-d.pl\/index.php\/wp-json\/wp\/v2\/pages\/11\/revisions"}],"predecessor-version":[{"id":450,"href":"https:\/\/riseupmedia.bc-and-d.pl\/index.php\/wp-json\/wp\/v2\/pages\/11\/revisions\/450"}],"wp:attachment":[{"href":"https:\/\/riseupmedia.bc-and-d.pl\/index.php\/wp-json\/wp\/v2\/media?parent=11"}],"curies":[{"name":"wp","href":"https:\/\/api.w.org\/{rel}","templated":true}]}}